{"id":612,"date":"2020-12-03T05:12:09","date_gmt":"2020-12-03T05:12:09","guid":{"rendered":"http:\/\/juancamacholuthier.com\/our-story\/"},"modified":"2024-04-07T22:16:00","modified_gmt":"2024-04-07T20:16:00","slug":"sobre-mi","status":"publish","type":"page","link":"https:\/\/juancamacholuthier.com\/en\/sobre-mi\/","title":{"rendered":"Sobre mi"},"content":{"rendered":"<div data-elementor-type=\"wp-page\" data-elementor-id=\"612\" class=\"elementor elementor-612\">\n\t\t\t\t<div class=\"elementor-element elementor-element-6bb2a86 e-flex e-con-boxed e-con e-parent\" data-id=\"6bb2a86\" data-element_type=\"container\" data-e-type=\"container\" data-settings=\"{&quot;background_background&quot;:&quot;classic&quot;}\">\n\t\t\t\t\t<div class=\"e-con-inner\">\n\t\t<div class=\"elementor-element elementor-element-d5e145c e-con-full e-flex e-con e-child\" data-id=\"d5e145c\" data-element_type=\"container\" data-e-type=\"container\">\n\t\t<div class=\"elementor-element elementor-element-c74dc8f e-con-full e-flex e-con e-child\" data-id=\"c74dc8f\" data-element_type=\"container\" data-e-type=\"container\">\n\t\t<div class=\"elementor-element elementor-element-ae23a57 e-con-full e-flex e-con e-child\" data-id=\"ae23a57\" data-element_type=\"container\" data-e-type=\"container\">\n\t\t<div class=\"elementor-element elementor-element-e0a3c03 e-flex e-con-boxed e-con e-child\" data-id=\"e0a3c03\" data-element_type=\"container\" data-e-type=\"container\">\n\t\t\t\t\t<div class=\"e-con-inner\">\n\t\t\t\t<div class=\"elementor-element elementor-element-a9bdf17 elementor-widget-divider--view-line elementor-widget elementor-widget-divider\" data-id=\"a9bdf17\" data-element_type=\"widget\" data-e-type=\"widget\" data-widget_type=\"divider.default\">\n\t\t\t\t<div class=\"elementor-widget-container\">\n\t\t\t\t\t\t\t<div class=\"elementor-divider\">\n\t\t\t<span class=\"elementor-divider-separator\">\n\t\t\t\t\t\t<\/span>\n\t\t<\/div>\n\t\t\t\t\t\t<\/div>\n\t\t\t\t<\/div>\n\t\t\t\t<div class=\"elementor-element elementor-element-2a20d2c elementor-widget elementor-widget-text-editor\" data-id=\"2a20d2c\" data-element_type=\"widget\" data-e-type=\"widget\" data-widget_type=\"text-editor.default\">\n\t\t\t\t<div class=\"elementor-widget-container\">\n\t\t\t\t\t\t\t\t\t<h1>Sobre m\u00ed<\/h1>\t\t\t\t\t\t\t\t<\/div>\n\t\t\t\t<\/div>\n\t\t\t\t\t<\/div>\n\t\t\t\t<\/div>\n\t\t\t\t<\/div>\n\t\t\t\t<\/div>\n\t\t\t\t<\/div>\n\t\t\t\t\t<\/div>\n\t\t\t\t<\/div>\n\t\t<div class=\"elementor-element elementor-element-ceddf2d e-con-full e-flex e-con e-parent\" data-id=\"ceddf2d\" data-element_type=\"container\" data-e-type=\"container\" data-settings=\"{&quot;background_background&quot;:&quot;classic&quot;}\">\n\t\t<div class=\"elementor-element elementor-element-064b3bd e-con-full e-flex e-con e-child\" data-id=\"064b3bd\" data-element_type=\"container\" data-e-type=\"container\">\n\t\t\t\t<div class=\"elementor-element elementor-element-47a4cd9 elementor-widget elementor-widget-heading\" data-id=\"47a4cd9\" data-element_type=\"widget\" data-e-type=\"widget\" data-widget_type=\"heading.default\">\n\t\t\t\t<div class=\"elementor-widget-container\">\n\t\t\t\t\t<h1 class=\"elementor-heading-title elementor-size-default\">Mi trayectoria<\/h1>\t\t\t\t<\/div>\n\t\t\t\t<\/div>\n\t\t\t\t<div class=\"elementor-element elementor-element-ed470d0 elementor-widget__width-initial elementor-widget elementor-widget-text-editor\" data-id=\"ed470d0\" data-element_type=\"widget\" data-e-type=\"widget\" data-widget_type=\"text-editor.default\">\n\t\t\t\t<div class=\"elementor-widget-container\">\n\t\t\t\t\t\t\t\t\t<p style=\"text-align: center;\">Juan Camacho es un luthier con una s\u00f3lida formaci\u00f3n en m\u00fasica y luther\u00eda. Graduado en 2015 en el Conservatorio Superior de M\u00fasica \u00abVictoria Eugenia\u00bb de Granada en la especialidad de viola. En 2017, comenz\u00f3 sus estudios de luther\u00eda en la Escuela de Luther\u00eda Malague\u00f1a, bajo la tutela de los maestros Jose Angel Chac\u00f3n y Chico Chac\u00f3n. Luego, perfeccion\u00f3 sus habilidades de construcci\u00f3n y restauraci\u00f3n en el prestigioso Istituto Internazionale di Liuteria \u00abAntonio Stradivari\u00bb de Cremona, donde se gradu\u00f3 en 2021.<\/p><p style=\"text-align: center;\">Desde entonces, ha establecido su propio taller de luther\u00eda en El Puerto de Santa Mar\u00eda (C\u00e1diz), donde se dedica a la creaci\u00f3n y restauraci\u00f3n de instrumentos musicales con pasi\u00f3n y artesan\u00eda.<\/p>\t\t\t\t\t\t\t\t<\/div>\n\t\t\t\t<\/div>\n\t\t<div class=\"elementor-element elementor-element-c968bc1 e-con-full e-flex e-con e-child\" data-id=\"c968bc1\" data-element_type=\"container\" data-e-type=\"container\">\n\t\t<div class=\"elementor-element elementor-element-aa921e4 e-con-full e-flex e-con e-child\" data-id=\"aa921e4\" data-element_type=\"container\" data-e-type=\"container\">\n\t\t\t\t<\/div>\n\t\t\t\t<\/div>\n\t\t\t\t<\/div>\n\t\t\t\t<div class=\"elementor-element elementor-element-ac3a0f5 elementor-widget elementor-widget-image\" data-id=\"ac3a0f5\" data-element_type=\"widget\" data-e-type=\"widget\" data-widget_type=\"image.default\">\n\t\t\t\t<div class=\"elementor-widget-container\">\n\t\t\t\t\t\t\t\t\t\t\t\t\t\t\t<img fetchpriority=\"high\" decoding=\"async\" width=\"1200\" height=\"1600\" src=\"https:\/\/juancamacholuthier.com\/wp-content\/uploads\/2024\/01\/Portada-1.jpg\" class=\"attachment-full size-full wp-image-2119\" alt=\"\" \/>\t\t\t\t\t\t\t\t\t\t\t\t\t\t\t<\/div>\n\t\t\t\t<\/div>\n\t\t<div class=\"elementor-element elementor-element-9fc69a6 e-con-full e-flex e-con e-child\" data-id=\"9fc69a6\" data-element_type=\"container\" data-e-type=\"container\">\n\t\t\t\t<\/div>\n\t\t\t\t<\/div>\n\t\t\t\t<\/div>","protected":false},"excerpt":{"rendered":"<p>Sobre m\u00ed Mi trayectoria Juan Camacho es un luthier con una s\u00f3lida formaci\u00f3n en m\u00fasica y luther\u00eda. Graduado en 2015 en el Conservatorio Superior de M\u00fasica \u00abVictoria Eugenia\u00bb de Granada en la especialidad de viola. En 2017, comenz\u00f3 sus estudios de luther\u00eda en la Escuela de Luther\u00eda Malague\u00f1a, bajo la tutela de los maestros Jose [&hellip;]<\/p>","protected":false},"author":1,"featured_media":0,"parent":0,"menu_order":0,"comment_status":"closed","ping_status":"closed","template":"","meta":{"site-sidebar-layout":"no-sidebar","site-content-layout":"page-builder","ast-site-content-layout":"full-width-container","site-content-style":"unboxed","site-sidebar-style":"unboxed","ast-global-header-display":"","ast-banner-title-visibility":"","ast-main-header-display":"","ast-hfb-above-header-display":"","ast-hfb-below-header-display":"","ast-hfb-mobile-header-display":"","site-post-title":"disabled","ast-breadcrumbs-content":"","ast-featured-img":"disabled","footer-sml-layout":"","ast-disable-related-posts":"","theme-transparent-header-meta":"enabled","adv-header-id-meta":"","stick-header-meta":"","header-above-stick-meta":"","header-main-stick-meta":"","header-below-stick-meta":"","astra-migrate-meta-layouts":"set","ast-page-background-enabled":"default","ast-page-background-meta":{"desktop":{"background-color":"","background-image":"","background-repeat":"repeat","background-position":"center center","background-size":"auto","background-attachment":"scroll","background-type":"","background-media":"","overlay-type":"","overlay-color":"","overlay-opacity":"","overlay-gradient":""},"tablet":{"background-color":"","background-image":"","background-repeat":"repeat","background-position":"center center","background-size":"auto","background-attachment":"scroll","background-type":"","background-media":"","overlay-type":"","overlay-color":"","overlay-opacity":"","overlay-gradient":""},"mobile":{"background-color":"","background-image":"","background-repeat":"repeat","background-position":"center center","background-size":"auto","background-attachment":"scroll","background-type":"","background-media":"","overlay-type":"","overlay-color":"","overlay-opacity":"","overlay-gradient":""}},"ast-content-background-meta":{"desktop":{"background-color":"var(--ast-global-color-5)","background-image":"","background-repeat":"repeat","background-position":"center center","background-size":"auto","background-attachment":"scroll","background-type":"","background-media":"","overlay-type":"","overlay-color":"","overlay-opacity":"","overlay-gradient":""},"tablet":{"background-color":"var(--ast-global-color-5)","background-image":"","background-repeat":"repeat","background-position":"center center","background-size":"auto","background-attachment":"scroll","background-type":"","background-media":"","overlay-type":"","overlay-color":"","overlay-opacity":"","overlay-gradient":""},"mobile":{"background-color":"var(--ast-global-color-5)","background-image":"","background-repeat":"repeat","background-position":"center center","background-size":"auto","background-attachment":"scroll","background-type":"","background-media":"","overlay-type":"","overlay-color":"","overlay-opacity":"","overlay-gradient":""}},"footnotes":""},"class_list":["post-612","page","type-page","status-publish","hentry"],"_links":{"self":[{"href":"https:\/\/juancamacholuthier.com\/en\/wp-json\/wp\/v2\/pages\/612","targetHints":{"allow":["GET"]}}],"collection":[{"href":"https:\/\/juancamacholuthier.com\/en\/wp-json\/wp\/v2\/pages"}],"about":[{"href":"https:\/\/juancamacholuthier.com\/en\/wp-json\/wp\/v2\/types\/page"}],"author":[{"embeddable":true,"href":"https:\/\/juancamacholuthier.com\/en\/wp-json\/wp\/v2\/users\/1"}],"replies":[{"embeddable":true,"href":"https:\/\/juancamacholuthier.com\/en\/wp-json\/wp\/v2\/comments?post=612"}],"version-history":[{"count":26,"href":"https:\/\/juancamacholuthier.com\/en\/wp-json\/wp\/v2\/pages\/612\/revisions"}],"predecessor-version":[{"id":2383,"href":"https:\/\/juancamacholuthier.com\/en\/wp-json\/wp\/v2\/pages\/612\/revisions\/2383"}],"wp:attachment":[{"href":"https:\/\/juancamacholuthier.com\/en\/wp-json\/wp\/v2\/media?parent=612"}],"curies":[{"name":"wp","href":"https:\/\/api.w.org\/{rel}","templated":true}]}}