{"id":3,"date":"2023-11-14T11:12:14","date_gmt":"2023-11-14T10:12:14","guid":{"rendered":"http:\/\/juancamacholuthier.com\/?page_id=3"},"modified":"2023-11-14T11:33:47","modified_gmt":"2023-11-14T10:33:47","slug":"politica-privacidad","status":"publish","type":"page","link":"https:\/\/juancamacholuthier.com\/en\/politica-privacidad\/","title":{"rendered":"Pol\u00edtica de privacidad"},"content":{"rendered":"<h5 class=\"wp-block-heading\">Protecci\u00f3n de Datos Y Privacidad. Por qu\u00e9 solicitamos sus datos personales<\/h5>\n\n\n\n<p>Le pedimos que comparta sus datos personales con nosotros para fines entre los que se incluyen, pero sin limitarse a ellos, los siguientes:<\/p>\n\n\n\n<ul class=\"wp-block-list\">\n<li>Poder comunicarnos mediante correo electr\u00f3nico o tel\u00e9fono para resolver sus dudas.<\/li>\n\n\n\n<li>Comunicaciones comerciales con nuestros clientes.<\/li>\n<\/ul>\n\n\n\n<p>El tratamiento de sus datos personales se efect\u00faa solo para los fines que se le hayan comunicado a su empresa. En caso de utilizarlos para otros fines (estrechamente relacionados), se adoptar\u00e1n medidas de protecci\u00f3n de datos adicionales si as\u00ed lo exige la ley y se comunicar\u00e1 de forma inequ\u00edvoca.<\/p>\n\n\n\n<h5 class=\"wp-block-heading\">Tipos de datos personales que recogemos<\/h5>\n\n\n\n<p>Adem\u00e1s durante su navegaci\u00f3n por nuestras&nbsp;p\u00e1ginas:<\/p>\n\n\n\n<ul class=\"wp-block-list\">\n<li>Su direcci\u00f3n IP<\/li>\n\n\n\n<li>ID de cookie<\/li>\n<\/ul>\n\n\n\n<h5 class=\"wp-block-heading\">C\u00f3mo se recogen los datos<\/h5>\n\n\n\n<p>Sus datos se recogen de la siguiente forma:<\/p>\n\n\n\n<ul class=\"wp-block-list\">\n<li>Entregados por su empresa para la realizaci\u00f3n del servicio.<\/li>\n\n\n\n<li>Registrados por el propio usuario directamente (mediante formulario)<\/li>\n<\/ul>","protected":false},"excerpt":{"rendered":"<p>Protecci\u00f3n de Datos Y Privacidad. Por qu\u00e9 solicitamos sus datos personales Le pedimos que comparta sus datos personales con nosotros para fines entre los que se incluyen, pero sin limitarse a ellos, los siguientes: El tratamiento de sus datos personales se efect\u00faa solo para los fines que se le hayan comunicado a su empresa. En [&hellip;]<\/p>","protected":false},"author":1,"featured_media":0,"parent":0,"menu_order":0,"comment_status":"closed","ping_status":"open","template":"","meta":{"site-sidebar-layout":"default","site-content-layout":"","ast-site-content-layout":"default","site-content-style":"default","site-sidebar-style":"default","ast-global-header-display":"","ast-banner-title-visibility":"","ast-main-header-display":"","ast-hfb-above-header-display":"","ast-hfb-below-header-display":"","ast-hfb-mobile-header-display":"","site-post-title":"","ast-breadcrumbs-content":"","ast-featured-img":"","footer-sml-layout":"","ast-disable-related-posts":"","theme-transparent-header-meta":"","adv-header-id-meta":"","stick-header-meta":"","header-above-stick-meta":"","header-main-stick-meta":"","header-below-stick-meta":"","astra-migrate-meta-layouts":"default","ast-page-background-enabled":"default","ast-page-background-meta":{"desktop":{"background-color":"","background-image":"","background-repeat":"repeat","background-position":"center center","background-size":"auto","background-attachment":"scroll","background-type":"","background-media":"","overlay-type":"","overlay-color":"","overlay-opacity":"","overlay-gradient":""},"tablet":{"background-color":"","background-image":"","background-repeat":"repeat","background-position":"center center","background-size":"auto","background-attachment":"scroll","background-type":"","background-media":"","overlay-type":"","overlay-color":"","overlay-opacity":"","overlay-gradient":""},"mobile":{"background-color":"","background-image":"","background-repeat":"repeat","background-position":"center center","background-size":"auto","background-attachment":"scroll","background-type":"","background-media":"","overlay-type":"","overlay-color":"","overlay-opacity":"","overlay-gradient":""}},"ast-content-background-meta":{"desktop":{"background-color":"var(--ast-global-color-5)","background-image":"","background-repeat":"repeat","background-position":"center center","background-size":"auto","background-attachment":"scroll","background-type":"","background-media":"","overlay-type":"","overlay-color":"","overlay-opacity":"","overlay-gradient":""},"tablet":{"background-color":"var(--ast-global-color-5)","background-image":"","background-repeat":"repeat","background-position":"center center","background-size":"auto","background-attachment":"scroll","background-type":"","background-media":"","overlay-type":"","overlay-color":"","overlay-opacity":"","overlay-gradient":""},"mobile":{"background-color":"var(--ast-global-color-5)","background-image":"","background-repeat":"repeat","background-position":"center center","background-size":"auto","background-attachment":"scroll","background-type":"","background-media":"","overlay-type":"","overlay-color":"","overlay-opacity":"","overlay-gradient":""}},"footnotes":""},"class_list":["post-3","page","type-page","status-publish","hentry"],"_links":{"self":[{"href":"https:\/\/juancamacholuthier.com\/en\/wp-json\/wp\/v2\/pages\/3","targetHints":{"allow":["GET"]}}],"collection":[{"href":"https:\/\/juancamacholuthier.com\/en\/wp-json\/wp\/v2\/pages"}],"about":[{"href":"https:\/\/juancamacholuthier.com\/en\/wp-json\/wp\/v2\/types\/page"}],"author":[{"embeddable":true,"href":"https:\/\/juancamacholuthier.com\/en\/wp-json\/wp\/v2\/users\/1"}],"replies":[{"embeddable":true,"href":"https:\/\/juancamacholuthier.com\/en\/wp-json\/wp\/v2\/comments?post=3"}],"version-history":[{"count":1,"href":"https:\/\/juancamacholuthier.com\/en\/wp-json\/wp\/v2\/pages\/3\/revisions"}],"predecessor-version":[{"id":29,"href":"https:\/\/juancamacholuthier.com\/en\/wp-json\/wp\/v2\/pages\/3\/revisions\/29"}],"wp:attachment":[{"href":"https:\/\/juancamacholuthier.com\/en\/wp-json\/wp\/v2\/media?parent=3"}],"curies":[{"name":"wp","href":"https:\/\/api.w.org\/{rel}","templated":true}]}}