{"id":2398,"date":"2024-05-23T08:47:45","date_gmt":"2024-05-23T06:47:45","guid":{"rendered":"http:\/\/juancamacholuthier.com\/?page_id=2398"},"modified":"2024-11-20T09:21:00","modified_gmt":"2024-11-20T08:21:00","slug":"noticias","status":"publish","type":"page","link":"https:\/\/juancamacholuthier.com\/en\/noticias\/","title":{"rendered":"Noticias"},"content":{"rendered":"<div data-elementor-type=\"wp-page\" data-elementor-id=\"2398\" class=\"elementor elementor-2398\">\n\t\t\t\t<div class=\"elementor-element elementor-element-cd476a8 e-flex e-con-boxed e-con e-parent\" data-id=\"cd476a8\" data-element_type=\"container\" data-e-type=\"container\">\n\t\t\t\t\t<div class=\"e-con-inner\">\n\t\t\t\t\t<\/div>\n\t\t\t\t<\/div>\n\t\t<div class=\"elementor-element elementor-element-4271c97 e-flex e-con-boxed e-con e-parent\" data-id=\"4271c97\" data-element_type=\"container\" data-e-type=\"container\">\n\t\t\t\t\t<div class=\"e-con-inner\">\n\t\t\t\t<div class=\"elementor-element elementor-element-6f20d51 elementor-widget elementor-widget-heading\" data-id=\"6f20d51\" data-element_type=\"widget\" data-e-type=\"widget\" data-widget_type=\"heading.default\">\n\t\t\t\t<div class=\"elementor-widget-container\">\n\t\t\t\t\t<h2 class=\"elementor-heading-title elementor-size-default\">Noticias<\/h2>\t\t\t\t<\/div>\n\t\t\t\t<\/div>\n\t\t\t\t\t<\/div>\n\t\t\t\t<\/div>\n\t\t<div class=\"elementor-element elementor-element-7c648d4 e-flex e-con-boxed e-con e-parent\" data-id=\"7c648d4\" data-element_type=\"container\" data-e-type=\"container\">\n\t\t\t\t\t<div class=\"e-con-inner\">\n\t\t<div class=\"elementor-element elementor-element-3b979b2 e-con-full e-flex e-con e-child\" data-id=\"3b979b2\" data-element_type=\"container\" data-e-type=\"container\">\n\t\t<div class=\"elementor-element elementor-element-a1b94b8 e-con-full e-flex e-con e-child\" data-id=\"a1b94b8\" data-element_type=\"container\" data-e-type=\"container\">\n\t\t\t\t<div class=\"elementor-element elementor-element-04eff7e elementor-widget elementor-widget-text-editor\" data-id=\"04eff7e\" data-element_type=\"widget\" data-e-type=\"widget\" data-widget_type=\"text-editor.default\">\n\t\t\t\t<div class=\"elementor-widget-container\">\n\t\t\t\t\t\t\t\t\t<p style=\"text-align: center;\">Art\u00edculo publicado por\u00a0<a href=\"https:\/\/www.gentedelpuerto.com\/2023\/09\/04\/juan-miguel-camacho-corrales-musico-y-luthier-5-640\/\" target=\"_blank\" rel=\"noopener\"><i>gentedelpuerto.com<\/i><\/a><\/p>\t\t\t\t\t\t\t\t<\/div>\n\t\t\t\t<\/div>\n\t\t\t\t<\/div>\n\t\t\t\t<\/div>\n\t\t<div class=\"elementor-element elementor-element-22894f2 e-con-full e-flex e-con e-child\" data-id=\"22894f2\" data-element_type=\"container\" data-e-type=\"container\">\n\t\t\t\t<div class=\"elementor-element elementor-element-02d885f elementor-widget elementor-widget-image\" data-id=\"02d885f\" data-element_type=\"widget\" data-e-type=\"widget\" data-widget_type=\"image.default\">\n\t\t\t\t<div class=\"elementor-widget-container\">\n\t\t\t\t\t\t\t\t\t\t\t\t\t\t\t\t<a href=\"https:\/\/www.gentedelpuerto.com\/2023\/09\/04\/juan-miguel-camacho-corrales-musico-y-luthier-5-640\/\" target=\"_blank\" rel=\"noopener\">\n\t\t\t\t\t\t\t<img fetchpriority=\"high\" decoding=\"async\" width=\"960\" height=\"720\" src=\"https:\/\/juancamacholuthier.com\/wp-content\/uploads\/2024\/05\/Foto-gente-del-puerto.png\" class=\"attachment-large size-large wp-image-2411\" alt=\"\" srcset=\"https:\/\/juancamacholuthier.com\/wp-content\/uploads\/2024\/05\/Foto-gente-del-puerto.png 960w, https:\/\/juancamacholuthier.com\/wp-content\/uploads\/2024\/05\/Foto-gente-del-puerto-300x225.png 300w, https:\/\/juancamacholuthier.com\/wp-content\/uploads\/2024\/05\/Foto-gente-del-puerto-768x576.png 768w, https:\/\/juancamacholuthier.com\/wp-content\/uploads\/2024\/05\/Foto-gente-del-puerto-16x12.png 16w\" sizes=\"(max-width: 960px) 100vw, 960px\" \/>\t\t\t\t\t\t\t\t<\/a>\n\t\t\t\t\t\t\t\t\t\t\t\t\t\t\t<\/div>\n\t\t\t\t<\/div>\n\t\t\t\t<div class=\"elementor-element elementor-element-3e5b617 elementor-widget-divider--view-line elementor-widget elementor-widget-divider\" data-id=\"3e5b617\" data-element_type=\"widget\" data-e-type=\"widget\" data-widget_type=\"divider.default\">\n\t\t\t\t<div class=\"elementor-widget-container\">\n\t\t\t\t\t\t\t<div class=\"elementor-divider\">\n\t\t\t<span class=\"elementor-divider-separator\">\n\t\t\t\t\t\t<\/span>\n\t\t<\/div>\n\t\t\t\t\t\t<\/div>\n\t\t\t\t<\/div>\n\t\t\t\t<\/div>\n\t\t\t\t\t<\/div>\n\t\t\t\t<\/div>\n\t\t<div class=\"elementor-element elementor-element-69972b3 e-con-full e-flex e-con e-parent\" data-id=\"69972b3\" data-element_type=\"container\" data-e-type=\"container\">\n\t\t\t\t<div class=\"elementor-element elementor-element-1b99203 elementor-widget elementor-widget-text-editor\" data-id=\"1b99203\" data-element_type=\"widget\" data-e-type=\"widget\" data-widget_type=\"text-editor.default\">\n\t\t\t\t<div class=\"elementor-widget-container\">\n\t\t\t\t\t\t\t\t\t<p>Viol\u00edn el\u00e9ctrico estrenado en concierto por Anama Castillero de <a href=\"https:\/\/aetasmusica.com\/\" target=\"_blank\" rel=\"noopener\">Aetas M\u00fasica<\/a> en el concierto de Celtas Cortos el 20 de Abril de 2024 en el Palacio Vistalegre de Madrid.&nbsp;<\/p><p>Art\u00edculo publicado por <a href=\"https:\/\/elpuertoactualidad.es\/2024\/04\/23\/un-violin-muy-portuense-toca-con-celtas-cortos-ante-mas-10-000-personasun-violin-muy-portuense-toca-con-celtas-cortos-ante-mas-10-000-personas\/\" target=\"_blank\" rel=\"noopener\">elpuertoactualidad.es<\/a><\/p>\t\t\t\t\t\t\t\t<\/div>\n\t\t\t\t<\/div>\n\t\t\t\t<div class=\"elementor-element elementor-element-3cd2c0f elementor-widget elementor-widget-image\" data-id=\"3cd2c0f\" data-element_type=\"widget\" data-e-type=\"widget\" data-widget_type=\"image.default\">\n\t\t\t\t<div class=\"elementor-widget-container\">\n\t\t\t\t\t\t\t\t\t\t\t\t\t\t\t<img decoding=\"async\" width=\"1024\" height=\"512\" src=\"https:\/\/juancamacholuthier.com\/wp-content\/uploads\/2024\/06\/celtas-fb-1024x512.jpg\" class=\"attachment-large size-large wp-image-2443\" alt=\"\" srcset=\"https:\/\/juancamacholuthier.com\/wp-content\/uploads\/2024\/06\/celtas-fb-1024x512.jpg 1024w, https:\/\/juancamacholuthier.com\/wp-content\/uploads\/2024\/06\/celtas-fb-300x150.jpg 300w, https:\/\/juancamacholuthier.com\/wp-content\/uploads\/2024\/06\/celtas-fb-768x384.jpg 768w, https:\/\/juancamacholuthier.com\/wp-content\/uploads\/2024\/06\/celtas-fb-18x9.jpg 18w, https:\/\/juancamacholuthier.com\/wp-content\/uploads\/2024\/06\/celtas-fb.jpg 1200w\" sizes=\"(max-width: 1024px) 100vw, 1024px\" \/>\t\t\t\t\t\t\t\t\t\t\t\t\t\t\t<\/div>\n\t\t\t\t<\/div>\n\t\t\t\t<\/div>\n\t\t<div class=\"elementor-element elementor-element-0d615b4 e-flex e-con-boxed e-con e-parent\" data-id=\"0d615b4\" data-element_type=\"container\" data-e-type=\"container\">\n\t\t\t\t\t<div class=\"e-con-inner\">\n\t\t\t\t\t<\/div>\n\t\t\t\t<\/div>\n\t\t\t\t<\/div>","protected":false},"excerpt":{"rendered":"<p>Noticias Art\u00edculo publicado por\u00a0gentedelpuerto.com Viol\u00edn el\u00e9ctrico estrenado en concierto por Anama Castillero de Aetas M\u00fasica en el concierto de Celtas Cortos el 20 de Abril de 2024 en el Palacio Vistalegre de Madrid.&nbsp; Art\u00edculo publicado por elpuertoactualidad.es<\/p>","protected":false},"author":2,"featured_media":0,"parent":0,"menu_order":0,"comment_status":"closed","ping_status":"closed","template":"","meta":{"site-sidebar-layout":"no-sidebar","site-content-layout":"page-builder","ast-site-content-layout":"full-width-container","site-content-style":"default","site-sidebar-style":"default","ast-global-header-display":"","ast-banner-title-visibility":"","ast-main-header-display":"","ast-hfb-above-header-display":"","ast-hfb-below-header-display":"","ast-hfb-mobile-header-display":"","site-post-title":"disabled","ast-breadcrumbs-content":"","ast-featured-img":"disabled","footer-sml-layout":"","ast-disable-related-posts":"","theme-transparent-header-meta":"","adv-header-id-meta":"","stick-header-meta":"","header-above-stick-meta":"","header-main-stick-meta":"","header-below-stick-meta":"","astra-migrate-meta-layouts":"default","ast-page-background-enabled":"default","ast-page-background-meta":{"desktop":{"background-color":"","background-image":"","background-repeat":"repeat","background-position":"center center","background-size":"auto","background-attachment":"scroll","background-type":"","background-media":"","overlay-type":"","overlay-color":"","overlay-opacity":"","overlay-gradient":""},"tablet":{"background-color":"","background-image":"","background-repeat":"repeat","background-position":"center center","background-size":"auto","background-attachment":"scroll","background-type":"","background-media":"","overlay-type":"","overlay-color":"","overlay-opacity":"","overlay-gradient":""},"mobile":{"background-color":"","background-image":"","background-repeat":"repeat","background-position":"center center","background-size":"auto","background-attachment":"scroll","background-type":"","background-media":"","overlay-type":"","overlay-color":"","overlay-opacity":"","overlay-gradient":""}},"ast-content-background-meta":{"desktop":{"background-color":"var(--ast-global-color-5)","background-image":"","background-repeat":"repeat","background-position":"center center","background-size":"auto","background-attachment":"scroll","background-type":"","background-media":"","overlay-type":"","overlay-color":"","overlay-opacity":"","overlay-gradient":""},"tablet":{"background-color":"var(--ast-global-color-5)","background-image":"","background-repeat":"repeat","background-position":"center center","background-size":"auto","background-attachment":"scroll","background-type":"","background-media":"","overlay-type":"","overlay-color":"","overlay-opacity":"","overlay-gradient":""},"mobile":{"background-color":"var(--ast-global-color-5)","background-image":"","background-repeat":"repeat","background-position":"center center","background-size":"auto","background-attachment":"scroll","background-type":"","background-media":"","overlay-type":"","overlay-color":"","overlay-opacity":"","overlay-gradient":""}},"footnotes":""},"class_list":["post-2398","page","type-page","status-publish","hentry"],"_links":{"self":[{"href":"https:\/\/juancamacholuthier.com\/en\/wp-json\/wp\/v2\/pages\/2398","targetHints":{"allow":["GET"]}}],"collection":[{"href":"https:\/\/juancamacholuthier.com\/en\/wp-json\/wp\/v2\/pages"}],"about":[{"href":"https:\/\/juancamacholuthier.com\/en\/wp-json\/wp\/v2\/types\/page"}],"author":[{"embeddable":true,"href":"https:\/\/juancamacholuthier.com\/en\/wp-json\/wp\/v2\/users\/2"}],"replies":[{"embeddable":true,"href":"https:\/\/juancamacholuthier.com\/en\/wp-json\/wp\/v2\/comments?post=2398"}],"version-history":[{"count":31,"href":"https:\/\/juancamacholuthier.com\/en\/wp-json\/wp\/v2\/pages\/2398\/revisions"}],"predecessor-version":[{"id":2478,"href":"https:\/\/juancamacholuthier.com\/en\/wp-json\/wp\/v2\/pages\/2398\/revisions\/2478"}],"wp:attachment":[{"href":"https:\/\/juancamacholuthier.com\/en\/wp-json\/wp\/v2\/media?parent=2398"}],"curies":[{"name":"wp","href":"https:\/\/api.w.org\/{rel}","templated":true}]}}