{"id":2086,"date":"2020-12-01T09:02:55","date_gmt":"2020-12-01T09:02:55","guid":{"rendered":"http:\/\/juancamacholuthier.com\/home\/"},"modified":"2024-05-23T16:36:37","modified_gmt":"2024-05-23T14:36:37","slug":"inicio","status":"publish","type":"page","link":"https:\/\/juancamacholuthier.com\/en\/","title":{"rendered":"Inicio"},"content":{"rendered":"<div data-elementor-type=\"wp-page\" data-elementor-id=\"2086\" class=\"elementor elementor-2086\">\n\t\t\t\t<div class=\"elementor-element elementor-element-bf31ac3 e-flex e-con-boxed e-con e-parent\" data-id=\"bf31ac3\" data-element_type=\"container\" data-e-type=\"container\" data-settings=\"{&quot;background_background&quot;:&quot;classic&quot;}\">\n\t\t\t\t\t<div class=\"e-con-inner\">\n\t\t\t\t\t<\/div>\n\t\t\t\t<\/div>\n\t\t<div class=\"elementor-element elementor-element-4dc7ae4 e-flex e-con-boxed e-con e-parent\" data-id=\"4dc7ae4\" data-element_type=\"container\" data-e-type=\"container\" data-settings=\"{&quot;background_background&quot;:&quot;classic&quot;}\">\n\t\t\t\t\t<div class=\"e-con-inner\">\n\t\t<div class=\"elementor-element elementor-element-1d56249 e-con-full e-flex e-con e-child\" data-id=\"1d56249\" data-element_type=\"container\" data-e-type=\"container\">\n\t\t<div class=\"elementor-element elementor-element-b84957d e-con-full e-flex e-con e-child\" data-id=\"b84957d\" data-element_type=\"container\" data-e-type=\"container\">\n\t\t<div class=\"elementor-element elementor-element-fbac64b e-con-full e-flex e-con e-child\" data-id=\"fbac64b\" data-element_type=\"container\" data-e-type=\"container\">\n\t\t<div class=\"elementor-element elementor-element-8184b11 e-con-full e-flex e-con e-child\" data-id=\"8184b11\" data-element_type=\"container\" data-e-type=\"container\">\n\t\t\t\t<div class=\"elementor-element elementor-element-a43c9cd elementor-widget elementor-widget-image\" data-id=\"a43c9cd\" data-element_type=\"widget\" data-e-type=\"widget\" data-widget_type=\"image.default\">\n\t\t\t\t<div class=\"elementor-widget-container\">\n\t\t\t\t\t\t\t\t\t\t\t\t\t\t\t<img fetchpriority=\"high\" decoding=\"async\" width=\"1190\" height=\"1920\" src=\"https:\/\/juancamacholuthier.com\/wp-content\/uploads\/2024\/01\/Portada-3-e1712523578482.jpeg\" class=\"attachment-full size-full wp-image-2160\" alt=\"\" srcset=\"https:\/\/juancamacholuthier.com\/wp-content\/uploads\/2024\/01\/Portada-3-e1712523578482.jpeg 1190w, https:\/\/juancamacholuthier.com\/wp-content\/uploads\/2024\/01\/Portada-3-e1712523578482-186x300.jpeg 186w, https:\/\/juancamacholuthier.com\/wp-content\/uploads\/2024\/01\/Portada-3-e1712523578482-768x1239.jpeg 768w, https:\/\/juancamacholuthier.com\/wp-content\/uploads\/2024\/01\/Portada-3-e1712523578482-635x1024.jpeg 635w, https:\/\/juancamacholuthier.com\/wp-content\/uploads\/2024\/01\/Portada-3-e1712523578482-952x1536.jpeg 952w, https:\/\/juancamacholuthier.com\/wp-content\/uploads\/2024\/01\/Portada-3-e1712523578482-7x12.jpeg 7w\" sizes=\"(max-width: 1190px) 100vw, 1190px\" \/>\t\t\t\t\t\t\t\t\t\t\t\t\t\t\t<\/div>\n\t\t\t\t<\/div>\n\t\t\t\t<\/div>\n\t\t\t\t<\/div>\n\t\t<div class=\"elementor-element elementor-element-9160ac5 e-con-full e-flex e-con e-child\" data-id=\"9160ac5\" data-element_type=\"container\" data-e-type=\"container\">\n\t\t<div class=\"elementor-element elementor-element-9127427 e-con-full e-flex e-con e-child\" data-id=\"9127427\" data-element_type=\"container\" data-e-type=\"container\">\n\t\t\t\t<div class=\"elementor-element elementor-element-36af526 elementor-widget elementor-widget-heading\" data-id=\"36af526\" data-element_type=\"widget\" data-e-type=\"widget\" data-widget_type=\"heading.default\">\n\t\t\t\t<div class=\"elementor-widget-container\">\n\t\t\t\t\t<h2 class=\"elementor-heading-title elementor-size-default\">EL TALLER<\/h2>\t\t\t\t<\/div>\n\t\t\t\t<\/div>\n\t\t\t\t<\/div>\n\t\t\t\t<div class=\"elementor-element elementor-element-d15fa40 elementor-widget elementor-widget-text-editor\" data-id=\"d15fa40\" data-element_type=\"widget\" data-e-type=\"widget\" data-widget_type=\"text-editor.default\">\n\t\t\t\t<div class=\"elementor-widget-container\">\n\t\t\t\t\t\t\t\t\t<p style=\"text-align: center;\">Bienvenido a mi taller, donde la pasi\u00f3n por la m\u00fasica se fusiona con la artesan\u00eda.<\/p><p style=\"text-align: center;\">Taller especializado en la creaci\u00f3n, restauraci\u00f3n y ajuste de instrumentos musicales de cuerda, con un enfoque meticuloso, garantizando su autenticidad sonora y est\u00e9tica mediante un proceso meticuloso. Adem\u00e1s de encerdados, mantenimiento y ajustes de arcos.<\/p><p style=\"text-align: center;\">Explora nuestro cat\u00e1logo y descubre la magia que reside en cada creaci\u00f3n.<\/p>\t\t\t\t\t\t\t\t<\/div>\n\t\t\t\t<\/div>\n\t\t\t\t<\/div>\n\t\t\t\t<\/div>\n\t\t\t\t<\/div>\n\t\t\t\t\t<\/div>\n\t\t\t\t<\/div>\n\t\t<div class=\"elementor-element elementor-element-546a1ed e-flex e-con-boxed e-con e-parent\" data-id=\"546a1ed\" data-element_type=\"container\" data-e-type=\"container\">\n\t\t\t\t\t<div class=\"e-con-inner\">\n\t\t\t\t\t<\/div>\n\t\t\t\t<\/div>\n\t\t\t\t<\/div>","protected":false},"excerpt":{"rendered":"<p>EL TALLER Bienvenido a mi taller, donde la pasi\u00f3n por la m\u00fasica se fusiona con la artesan\u00eda. Taller especializado en la creaci\u00f3n, restauraci\u00f3n y ajuste de instrumentos musicales de cuerda, con un enfoque meticuloso, garantizando su autenticidad sonora y est\u00e9tica mediante un proceso meticuloso. Adem\u00e1s de encerdados, mantenimiento y ajustes de arcos. Explora nuestro cat\u00e1logo [&hellip;]<\/p>","protected":false},"author":1,"featured_media":0,"parent":0,"menu_order":0,"comment_status":"closed","ping_status":"closed","template":"","meta":{"site-sidebar-layout":"no-sidebar","site-content-layout":"page-builder","ast-site-content-layout":"full-width-container","site-content-style":"unboxed","site-sidebar-style":"unboxed","ast-global-header-display":"","ast-banner-title-visibility":"","ast-main-header-display":"","ast-hfb-above-header-display":"","ast-hfb-below-header-display":"","ast-hfb-mobile-header-display":"","site-post-title":"disabled","ast-breadcrumbs-content":"","ast-featured-img":"disabled","footer-sml-layout":"","ast-disable-related-posts":"","theme-transparent-header-meta":"enabled","adv-header-id-meta":"","stick-header-meta":"","header-above-stick-meta":"","header-main-stick-meta":"","header-below-stick-meta":"","astra-migrate-meta-layouts":"set","ast-page-background-enabled":"default","ast-page-background-meta":{"desktop":{"background-color":"","background-image":"","background-repeat":"repeat","background-position":"center center","background-size":"auto","background-attachment":"scroll","background-type":"","background-media":"","overlay-type":"","overlay-color":"","overlay-opacity":"","overlay-gradient":""},"tablet":{"background-color":"","background-image":"","background-repeat":"repeat","background-position":"center center","background-size":"auto","background-attachment":"scroll","background-type":"","background-media":"","overlay-type":"","overlay-color":"","overlay-opacity":"","overlay-gradient":""},"mobile":{"background-color":"","background-image":"","background-repeat":"repeat","background-position":"center center","background-size":"auto","background-attachment":"scroll","background-type":"","background-media":"","overlay-type":"","overlay-color":"","overlay-opacity":"","overlay-gradient":""}},"ast-content-background-meta":{"desktop":{"background-color":"var(--ast-global-color-5)","background-image":"","background-repeat":"repeat","background-position":"center center","background-size":"auto","background-attachment":"scroll","background-type":"","background-media":"","overlay-type":"","overlay-color":"","overlay-opacity":"","overlay-gradient":""},"tablet":{"background-color":"var(--ast-global-color-5)","background-image":"","background-repeat":"repeat","background-position":"center center","background-size":"auto","background-attachment":"scroll","background-type":"","background-media":"","overlay-type":"","overlay-color":"","overlay-opacity":"","overlay-gradient":""},"mobile":{"background-color":"var(--ast-global-color-5)","background-image":"","background-repeat":"repeat","background-position":"center center","background-size":"auto","background-attachment":"scroll","background-type":"","background-media":"","overlay-type":"","overlay-color":"","overlay-opacity":"","overlay-gradient":""}},"footnotes":""},"class_list":["post-2086","page","type-page","status-publish","hentry"],"_links":{"self":[{"href":"https:\/\/juancamacholuthier.com\/en\/wp-json\/wp\/v2\/pages\/2086","targetHints":{"allow":["GET"]}}],"collection":[{"href":"https:\/\/juancamacholuthier.com\/en\/wp-json\/wp\/v2\/pages"}],"about":[{"href":"https:\/\/juancamacholuthier.com\/en\/wp-json\/wp\/v2\/types\/page"}],"author":[{"embeddable":true,"href":"https:\/\/juancamacholuthier.com\/en\/wp-json\/wp\/v2\/users\/1"}],"replies":[{"embeddable":true,"href":"https:\/\/juancamacholuthier.com\/en\/wp-json\/wp\/v2\/comments?post=2086"}],"version-history":[{"count":90,"href":"https:\/\/juancamacholuthier.com\/en\/wp-json\/wp\/v2\/pages\/2086\/revisions"}],"predecessor-version":[{"id":2440,"href":"https:\/\/juancamacholuthier.com\/en\/wp-json\/wp\/v2\/pages\/2086\/revisions\/2440"}],"wp:attachment":[{"href":"https:\/\/juancamacholuthier.com\/en\/wp-json\/wp\/v2\/media?parent=2086"}],"curies":[{"name":"wp","href":"https:\/\/api.w.org\/{rel}","templated":true}]}}